{"id":654,"date":"2021-01-26T19:21:28","date_gmt":"2021-01-26T18:21:28","guid":{"rendered":"http:\/\/dounia.yo1f.ovh\/wordpress\/?page_id=654"},"modified":"2025-05-05T11:50:20","modified_gmt":"2025-05-05T09:50:20","slug":"enduits-et-peintures-naturelles","status":"publish","type":"page","link":"https:\/\/dounia-decor.com\/?page_id=654","title":{"rendered":"Enduits et peintures naturelles"},"content":{"rendered":"\t\t<div data-elementor-type=\"wp-page\" data-elementor-id=\"654\" class=\"elementor elementor-654\">\n\t\t\t\t\t\t<section class=\"elementor-section elementor-top-section elementor-element elementor-element-4cacbc4 elementor-section-boxed elementor-section-height-default elementor-section-height-default\" data-id=\"4cacbc4\" data-element_type=\"section\">\n\t\t\t\t\t\t<div class=\"elementor-container elementor-column-gap-default\">\n\t\t\t\t\t<div class=\"elementor-column elementor-col-50 elementor-top-column elementor-element elementor-element-8cf0639\" data-id=\"8cf0639\" data-element_type=\"column\">\n\t\t\t<div class=\"elementor-widget-wrap elementor-element-populated\">\n\t\t\t\t\t\t<div class=\"elementor-element elementor-element-602fe1d elementor-widget elementor-widget-image-box\" data-id=\"602fe1d\" data-element_type=\"widget\" data-widget_type=\"image-box.default\">\n\t\t\t\t<div class=\"elementor-widget-container\">\n\t\t\t\t\t<div class=\"elementor-image-box-wrapper\"><div class=\"elementor-image-box-content\"><h3 class=\"elementor-image-box-title\">Enduits  et<br>Peintures Naturelles<\/h3><p class=\"elementor-image-box-description\"><br><br>Je propose des peintures naturelles, comme des badigeons de chaux, d'argile, des peintures \u00e0 la cas\u00e9ine, \u00e0 l\u2019oeuf, \u00e0 la farine...<br><br>Des enduits d\u00e9coratifs de chaux et de terre habillent vos murs de mani\u00e8re agr\u00e9able, respectueuse de l'environnement et du b\u00e2ti ancien<br><br>Pour la fresque \u00e0 fresco les pigments sont utilis\u00e9s sur l'enduit frais,\u00e0 la mani\u00e8re des anciens.<br>Le Sgraffito consiste \u00e0 inciser dans des couches d'enduits color\u00e9s successifs pour faire apparaitre un motif.<br><br><br><br><br>\nPour des descriptions de chantiers d\u00e9taill\u00e9es, rendez-vous dans  <a href=\"https:\/\/dounia-decor.com\/?page_id=133\">  \"R\u00e9alisations\" <\/a><\/p><\/div><\/div>\t\t\t\t<\/div>\n\t\t\t\t<\/div>\n\t\t\t\t<div class=\"elementor-element elementor-element-abc0d6d elementor-widget elementor-widget-image\" data-id=\"abc0d6d\" data-element_type=\"widget\" data-widget_type=\"image.default\">\n\t\t\t\t<div class=\"elementor-widget-container\">\n\t\t\t\t\t\t\t\t\t\t\t\t\t\t\t\t<a href=\"https:\/\/dounia-decor.com\/wp-content\/uploads\/2025\/05\/fresque-oiseau.jpg\" data-elementor-open-lightbox=\"yes\" data-elementor-lightbox-title=\"fresque-oiseau\" data-e-action-hash=\"#elementor-action%3Aaction%3Dlightbox%26settings%3DeyJpZCI6MzEwNiwidXJsIjoiaHR0cHM6XC9cL2RvdW5pYS1kZWNvci5jb21cL3dwLWNvbnRlbnRcL3VwbG9hZHNcLzIwMjVcLzA1XC9mcmVzcXVlLW9pc2VhdS5qcGcifQ%3D%3D\" data-rel=\"lightbox-gallery-A4B5Bfqf\" data-rl_title=\"\" data-rl_caption=\"\" title=\"\">\n\t\t\t\t\t\t\t<img fetchpriority=\"high\" decoding=\"async\" width=\"1024\" height=\"1024\" src=\"https:\/\/dounia-decor.com\/wp-content\/uploads\/2025\/05\/fresque-oiseau-1024x1024.jpg\" class=\"attachment-large size-large wp-image-3106\" alt=\"fresque pigment chaux\" srcset=\"https:\/\/dounia-decor.com\/wp-content\/uploads\/2025\/05\/fresque-oiseau-1024x1024.jpg 1024w, https:\/\/dounia-decor.com\/wp-content\/uploads\/2025\/05\/fresque-oiseau-300x300.jpg 300w, https:\/\/dounia-decor.com\/wp-content\/uploads\/2025\/05\/fresque-oiseau-150x150.jpg 150w, https:\/\/dounia-decor.com\/wp-content\/uploads\/2025\/05\/fresque-oiseau-768x768.jpg 768w, https:\/\/dounia-decor.com\/wp-content\/uploads\/2025\/05\/fresque-oiseau-425x425.jpg 425w, https:\/\/dounia-decor.com\/wp-content\/uploads\/2025\/05\/fresque-oiseau.jpg 1240w\" sizes=\"(max-width: 1024px) 100vw, 1024px\" \/>\t\t\t\t\t\t\t\t<\/a>\n\t\t\t\t\t\t\t\t\t\t\t\t\t\t\t<\/div>\n\t\t\t\t<\/div>\n\t\t\t\t\t<\/div>\n\t\t<\/div>\n\t\t\t\t<div class=\"elementor-column elementor-col-50 elementor-top-column elementor-element elementor-element-569834b\" data-id=\"569834b\" data-element_type=\"column\">\n\t\t\t<div class=\"elementor-widget-wrap elementor-element-populated\">\n\t\t\t\t\t\t<div class=\"elementor-element elementor-element-944843d elementor-widget elementor-widget-image\" data-id=\"944843d\" data-element_type=\"widget\" data-widget_type=\"image.default\">\n\t\t\t\t<div class=\"elementor-widget-container\">\n\t\t\t\t\t\t\t\t\t\t\t\t\t\t\t\t<a href=\"http:\/\/dounia-decor.com\/wp-content\/uploads\/2021\/01\/sgraffito.jpg\" data-elementor-open-lightbox=\"yes\" data-elementor-lightbox-title=\"Sgraffito aux h\u00e9rons\" data-e-action-hash=\"#elementor-action%3Aaction%3Dlightbox%26settings%3DeyJpZCI6NzI3LCJ1cmwiOiJodHRwczpcL1wvZG91bmlhLWRlY29yLmNvbVwvd3AtY29udGVudFwvdXBsb2Fkc1wvMjAyMVwvMDFcL3NncmFmZml0by5qcGcifQ%3D%3D\" data-rel=\"lightbox-gallery-A4B5Bfqf\" data-rl_title=\"\" data-rl_caption=\"\" title=\"\">\n\t\t\t\t\t\t\t<img decoding=\"async\" width=\"512\" height=\"1024\" src=\"https:\/\/dounia-decor.com\/wp-content\/uploads\/2021\/01\/sgraffito-512x1024.jpg\" class=\"attachment-large size-large wp-image-727\" alt=\"Sgraffito aux h\u00e9rons Chaux\" srcset=\"https:\/\/dounia-decor.com\/wp-content\/uploads\/2021\/01\/sgraffito-512x1024.jpg 512w, https:\/\/dounia-decor.com\/wp-content\/uploads\/2021\/01\/sgraffito-150x300.jpg 150w, https:\/\/dounia-decor.com\/wp-content\/uploads\/2021\/01\/sgraffito-275x550.jpg 275w, https:\/\/dounia-decor.com\/wp-content\/uploads\/2021\/01\/sgraffito.jpg 709w\" sizes=\"(max-width: 512px) 100vw, 512px\" \/>\t\t\t\t\t\t\t\t<\/a>\n\t\t\t\t\t\t\t\t\t\t\t\t\t\t\t<\/div>\n\t\t\t\t<\/div>\n\t\t\t\t\t<\/div>\n\t\t<\/div>\n\t\t\t\t\t<\/div>\n\t\t<\/section>\n\t\t\t\t<section class=\"elementor-section elementor-top-section elementor-element elementor-element-949180f elementor-section-boxed elementor-section-height-default elementor-section-height-default\" data-id=\"949180f\" data-element_type=\"section\">\n\t\t\t\t\t\t<div class=\"elementor-container elementor-column-gap-default\">\n\t\t\t\t\t<div class=\"elementor-column elementor-col-33 elementor-top-column elementor-element elementor-element-f413c60\" data-id=\"f413c60\" data-element_type=\"column\">\n\t\t\t<div class=\"elementor-widget-wrap elementor-element-populated\">\n\t\t\t\t\t\t<div class=\"elementor-element elementor-element-f734b81 elementor-widget elementor-widget-image\" data-id=\"f734b81\" data-element_type=\"widget\" data-widget_type=\"image.default\">\n\t\t\t\t<div class=\"elementor-widget-container\">\n\t\t\t\t\t\t\t\t\t\t\t\t\t\t\t\t<a href=\"https:\/\/dounia-decor.com\/wp-content\/uploads\/2024\/01\/frise3.jpg\" data-elementor-open-lightbox=\"yes\" data-elementor-lightbox-title=\"frise3\" data-e-action-hash=\"#elementor-action%3Aaction%3Dlightbox%26settings%3DeyJpZCI6MjkwOSwidXJsIjoiaHR0cHM6XC9cL2RvdW5pYS1kZWNvci5jb21cL3dwLWNvbnRlbnRcL3VwbG9hZHNcLzIwMjRcLzAxXC9mcmlzZTMuanBnIn0%3D\" data-rel=\"lightbox-gallery-A4B5Bfqf\" data-rl_title=\"\" data-rl_caption=\"\" title=\"\">\n\t\t\t\t\t\t\t<img decoding=\"async\" width=\"1024\" height=\"1024\" src=\"https:\/\/dounia-decor.com\/wp-content\/uploads\/2024\/01\/frise3-1024x1024.jpg\" class=\"attachment-large size-large wp-image-2909\" alt=\"\" srcset=\"https:\/\/dounia-decor.com\/wp-content\/uploads\/2024\/01\/frise3-1024x1024.jpg 1024w, https:\/\/dounia-decor.com\/wp-content\/uploads\/2024\/01\/frise3-300x300.jpg 300w, https:\/\/dounia-decor.com\/wp-content\/uploads\/2024\/01\/frise3-150x150.jpg 150w, https:\/\/dounia-decor.com\/wp-content\/uploads\/2024\/01\/frise3-768x768.jpg 768w, https:\/\/dounia-decor.com\/wp-content\/uploads\/2024\/01\/frise3-425x425.jpg 425w, https:\/\/dounia-decor.com\/wp-content\/uploads\/2024\/01\/frise3.jpg 1200w\" sizes=\"(max-width: 1024px) 100vw, 1024px\" \/>\t\t\t\t\t\t\t\t<\/a>\n\t\t\t\t\t\t\t\t\t\t\t\t\t\t\t<\/div>\n\t\t\t\t<\/div>\n\t\t\t\t\t<\/div>\n\t\t<\/div>\n\t\t\t\t<div class=\"elementor-column elementor-col-33 elementor-top-column elementor-element elementor-element-e3a06c9\" data-id=\"e3a06c9\" data-element_type=\"column\">\n\t\t\t<div class=\"elementor-widget-wrap elementor-element-populated\">\n\t\t\t\t\t\t<div class=\"elementor-element elementor-element-af31688 elementor-widget elementor-widget-image\" data-id=\"af31688\" data-element_type=\"widget\" data-widget_type=\"image.default\">\n\t\t\t\t<div class=\"elementor-widget-container\">\n\t\t\t\t\t\t\t\t\t\t\t\t\t\t\t\t<a href=\"https:\/\/dounia-decor.com\/wp-content\/uploads\/2024\/01\/stuc.jpg\" data-elementor-open-lightbox=\"yes\" data-elementor-lightbox-title=\"stuc\" data-e-action-hash=\"#elementor-action%3Aaction%3Dlightbox%26settings%3DeyJpZCI6MjkwOCwidXJsIjoiaHR0cHM6XC9cL2RvdW5pYS1kZWNvci5jb21cL3dwLWNvbnRlbnRcL3VwbG9hZHNcLzIwMjRcLzAxXC9zdHVjLmpwZyJ9\" data-rel=\"lightbox-gallery-A4B5Bfqf\" data-rl_title=\"\" data-rl_caption=\"\" title=\"\">\n\t\t\t\t\t\t\t<img loading=\"lazy\" decoding=\"async\" width=\"1024\" height=\"1024\" src=\"https:\/\/dounia-decor.com\/wp-content\/uploads\/2024\/01\/stuc-1024x1024.jpg\" class=\"attachment-large size-large wp-image-2908\" alt=\"\" srcset=\"https:\/\/dounia-decor.com\/wp-content\/uploads\/2024\/01\/stuc-1024x1024.jpg 1024w, https:\/\/dounia-decor.com\/wp-content\/uploads\/2024\/01\/stuc-300x300.jpg 300w, https:\/\/dounia-decor.com\/wp-content\/uploads\/2024\/01\/stuc-150x150.jpg 150w, https:\/\/dounia-decor.com\/wp-content\/uploads\/2024\/01\/stuc-768x768.jpg 768w, https:\/\/dounia-decor.com\/wp-content\/uploads\/2024\/01\/stuc-425x425.jpg 425w, https:\/\/dounia-decor.com\/wp-content\/uploads\/2024\/01\/stuc.jpg 1200w\" sizes=\"(max-width: 1024px) 100vw, 1024px\" \/>\t\t\t\t\t\t\t\t<\/a>\n\t\t\t\t\t\t\t\t\t\t\t\t\t\t\t<\/div>\n\t\t\t\t<\/div>\n\t\t\t\t\t<\/div>\n\t\t<\/div>\n\t\t\t\t<div class=\"elementor-column elementor-col-33 elementor-top-column elementor-element elementor-element-f7b696c\" data-id=\"f7b696c\" data-element_type=\"column\">\n\t\t\t<div class=\"elementor-widget-wrap elementor-element-populated\">\n\t\t\t\t\t\t<div class=\"elementor-element elementor-element-0bd4ce5 elementor-widget elementor-widget-image\" data-id=\"0bd4ce5\" data-element_type=\"widget\" data-widget_type=\"image.default\">\n\t\t\t\t<div class=\"elementor-widget-container\">\n\t\t\t\t\t\t\t\t\t\t\t\t\t\t\t\t<a href=\"https:\/\/dounia-decor.com\/wp-content\/uploads\/2021\/01\/frisecarre-1.jpg\" data-elementor-open-lightbox=\"yes\" data-elementor-lightbox-title=\"Frise Patin\u00e9e \u00e0 la Cas\u00e9ine\" data-e-action-hash=\"#elementor-action%3Aaction%3Dlightbox%26settings%3DeyJpZCI6NzIxLCJ1cmwiOiJodHRwczpcL1wvZG91bmlhLWRlY29yLmNvbVwvd3AtY29udGVudFwvdXBsb2Fkc1wvMjAyMVwvMDFcL2ZyaXNlY2FycmUtMS5qcGcifQ%3D%3D\" data-rel=\"lightbox-gallery-A4B5Bfqf\" data-rl_title=\"\" data-rl_caption=\"\" title=\"\">\n\t\t\t\t\t\t\t<img loading=\"lazy\" decoding=\"async\" width=\"1024\" height=\"1024\" src=\"https:\/\/dounia-decor.com\/wp-content\/uploads\/2021\/01\/frisecarre-1-1024x1024.jpg\" class=\"attachment-large size-large wp-image-721\" alt=\"Frise Patin\u00e9e \u00e0 la Cas\u00e9ine\" srcset=\"https:\/\/dounia-decor.com\/wp-content\/uploads\/2021\/01\/frisecarre-1-1024x1024.jpg 1024w, https:\/\/dounia-decor.com\/wp-content\/uploads\/2021\/01\/frisecarre-1-300x300.jpg 300w, https:\/\/dounia-decor.com\/wp-content\/uploads\/2021\/01\/frisecarre-1-150x150.jpg 150w, https:\/\/dounia-decor.com\/wp-content\/uploads\/2021\/01\/frisecarre-1-768x768.jpg 768w, https:\/\/dounia-decor.com\/wp-content\/uploads\/2021\/01\/frisecarre-1-425x425.jpg 425w, https:\/\/dounia-decor.com\/wp-content\/uploads\/2021\/01\/frisecarre-1.jpg 1240w\" sizes=\"(max-width: 1024px) 100vw, 1024px\" \/>\t\t\t\t\t\t\t\t<\/a>\n\t\t\t\t\t\t\t\t\t\t\t\t\t\t\t<\/div>\n\t\t\t\t<\/div>\n\t\t\t\t\t<\/div>\n\t\t<\/div>\n\t\t\t\t\t<\/div>\n\t\t<\/section>\n\t\t\t\t<\/div>\n\t\t","protected":false},"excerpt":{"rendered":"<p>Enduits etPeintures Naturelles Je propose des peintures naturelles, comme des badigeons de chaux, d&rsquo;argile, des peintures \u00e0 la cas\u00e9ine, \u00e0 l\u2019oeuf, \u00e0 la farine&#8230; Des enduits d\u00e9coratifs de chaux et de terre habillent vos murs de mani\u00e8re agr\u00e9able, respectueuse de l&rsquo;environnement et du b\u00e2ti ancien Pour la fresque \u00e0 fresco les pigments sont utilis\u00e9s sur l&rsquo;enduit frais,\u00e0 la mani\u00e8re des anciens.Le Sgraffito consiste \u00e0 inciser dans des couches d&rsquo;enduits color\u00e9s successifs pour faire apparaitre un motif. Pour des descriptions de chantiers d\u00e9taill\u00e9es, rendez-vous dans \u00ab\u00a0R\u00e9alisations\u00a0\u00bb<a class=\"more-link\" href=\"https:\/\/dounia-decor.com\/?page_id=654\">Read More &rarr;<\/a><\/p>\n","protected":false},"author":1,"featured_media":0,"parent":0,"menu_order":0,"comment_status":"closed","ping_status":"closed","template":"","meta":{"footnotes":""},"class_list":["entry","author-admin","post-654","page","type-page","status-publish"],"_links":{"self":[{"href":"https:\/\/dounia-decor.com\/index.php?rest_route=\/wp\/v2\/pages\/654","targetHints":{"allow":["GET"]}}],"collection":[{"href":"https:\/\/dounia-decor.com\/index.php?rest_route=\/wp\/v2\/pages"}],"about":[{"href":"https:\/\/dounia-decor.com\/index.php?rest_route=\/wp\/v2\/types\/page"}],"author":[{"embeddable":true,"href":"https:\/\/dounia-decor.com\/index.php?rest_route=\/wp\/v2\/users\/1"}],"replies":[{"embeddable":true,"href":"https:\/\/dounia-decor.com\/index.php?rest_route=%2Fwp%2Fv2%2Fcomments&post=654"}],"version-history":[{"count":16,"href":"https:\/\/dounia-decor.com\/index.php?rest_route=\/wp\/v2\/pages\/654\/revisions"}],"predecessor-version":[{"id":3109,"href":"https:\/\/dounia-decor.com\/index.php?rest_route=\/wp\/v2\/pages\/654\/revisions\/3109"}],"wp:attachment":[{"href":"https:\/\/dounia-decor.com\/index.php?rest_route=%2Fwp%2Fv2%2Fmedia&parent=654"}],"curies":[{"name":"wp","href":"https:\/\/api.w.org\/{rel}","templated":true}]}}