{"id":658,"date":"2021-01-26T19:23:06","date_gmt":"2021-01-26T18:23:06","guid":{"rendered":"http:\/\/dounia.yo1f.ovh\/wordpress\/?page_id=658"},"modified":"2025-05-05T11:28:15","modified_gmt":"2025-05-05T09:28:15","slug":"tecniques-anciennes-et-decor-depoque-2","status":"publish","type":"page","link":"https:\/\/dounia-decor.com\/?page_id=658","title":{"rendered":"Techniques Anciennes et D\u00e9cor d&rsquo;\u00e9poque"},"content":{"rendered":"\t\t<div data-elementor-type=\"wp-page\" data-elementor-id=\"658\" class=\"elementor elementor-658\">\n\t\t\t\t\t\t<section class=\"elementor-section elementor-top-section elementor-element elementor-element-7a3bbd1 elementor-section-boxed elementor-section-height-default elementor-section-height-default\" data-id=\"7a3bbd1\" data-element_type=\"section\">\n\t\t\t\t\t\t<div class=\"elementor-container elementor-column-gap-default\">\n\t\t\t\t\t<div class=\"elementor-column elementor-col-50 elementor-top-column elementor-element elementor-element-427aa86\" data-id=\"427aa86\" data-element_type=\"column\">\n\t\t\t<div class=\"elementor-widget-wrap elementor-element-populated\">\n\t\t\t\t\t\t<div class=\"elementor-element elementor-element-0eb8460 elementor-vertical-align-top elementor-invisible elementor-widget elementor-widget-image-box\" data-id=\"0eb8460\" data-element_type=\"widget\" data-settings=\"{&quot;_animation&quot;:&quot;fadeIn&quot;}\" data-widget_type=\"image-box.default\">\n\t\t\t\t<div class=\"elementor-widget-container\">\n\t\t\t\t\t<div class=\"elementor-image-box-wrapper\"><div class=\"elementor-image-box-content\"><h3 class=\"elementor-image-box-title\">Techniques Anciennes<br>D\u00e9cors d'Epoque<br><br><\/h3><p class=\"elementor-image-box-description\">Je propose des d\u00e9cors peints \u00e0 la mani\u00e8re des anciens,<br>avec diverses techniques :<br><br>D\u00e9trempe, huile, colle de peau, fresque \u00e0 la chaux...<br><br><br><br>\nPour des descriptions de chantiers d\u00e9taill\u00e9es, rendez-vous dans <a href=\"https:\/\/dounia-decor.com\/?page_id=133\">  \"R\u00e9alisations\" <\/a><\/p><\/div><\/div>\t\t\t\t<\/div>\n\t\t\t\t<\/div>\n\t\t\t\t\t<\/div>\n\t\t<\/div>\n\t\t\t\t<div class=\"elementor-column elementor-col-50 elementor-top-column elementor-element elementor-element-ec25c6f\" data-id=\"ec25c6f\" data-element_type=\"column\">\n\t\t\t<div class=\"elementor-widget-wrap elementor-element-populated\">\n\t\t\t\t\t\t<div class=\"elementor-element elementor-element-be39dcc elementor-invisible elementor-widget elementor-widget-image\" data-id=\"be39dcc\" data-element_type=\"widget\" data-settings=\"{&quot;_animation&quot;:&quot;fadeIn&quot;}\" data-widget_type=\"image.default\">\n\t\t\t\t<div class=\"elementor-widget-container\">\n\t\t\t\t\t\t\t\t\t\t\t\t\t\t\t\t<a href=\"http:\/\/dounia-decor.com\/wp-content\/uploads\/2021\/01\/singeriecarre2.jpg\" data-elementor-open-lightbox=\"yes\" data-elementor-lightbox-title=\"Singerie \u00e0 la Colle de Peau\" data-e-action-hash=\"#elementor-action%3Aaction%3Dlightbox%26settings%3DeyJpZCI6NzQzLCJ1cmwiOiJodHRwczpcL1wvZG91bmlhLWRlY29yLmNvbVwvd3AtY29udGVudFwvdXBsb2Fkc1wvMjAyMVwvMDFcL3NpbmdlcmllY2FycmUyLmpwZyJ9\" data-rel=\"lightbox-gallery-TjLqmNil\" data-rl_title=\"\" data-rl_caption=\"\" title=\"\">\n\t\t\t\t\t\t\t<img fetchpriority=\"high\" decoding=\"async\" width=\"1240\" height=\"1240\" src=\"https:\/\/dounia-decor.com\/wp-content\/uploads\/2021\/01\/singeriecarre2.jpg\" class=\"attachment-full size-full wp-image-743\" alt=\"Singerie \u00e0 la Colle de Peau\" srcset=\"https:\/\/dounia-decor.com\/wp-content\/uploads\/2021\/01\/singeriecarre2.jpg 1240w, https:\/\/dounia-decor.com\/wp-content\/uploads\/2021\/01\/singeriecarre2-300x300.jpg 300w, https:\/\/dounia-decor.com\/wp-content\/uploads\/2021\/01\/singeriecarre2-1024x1024.jpg 1024w, https:\/\/dounia-decor.com\/wp-content\/uploads\/2021\/01\/singeriecarre2-150x150.jpg 150w, https:\/\/dounia-decor.com\/wp-content\/uploads\/2021\/01\/singeriecarre2-768x768.jpg 768w, https:\/\/dounia-decor.com\/wp-content\/uploads\/2021\/01\/singeriecarre2-425x425.jpg 425w\" sizes=\"(max-width: 1240px) 100vw, 1240px\" \/>\t\t\t\t\t\t\t\t<\/a>\n\t\t\t\t\t\t\t\t\t\t\t\t\t\t\t<\/div>\n\t\t\t\t<\/div>\n\t\t\t\t\t<\/div>\n\t\t<\/div>\n\t\t\t\t\t<\/div>\n\t\t<\/section>\n\t\t\t\t<section class=\"elementor-section elementor-top-section elementor-element elementor-element-189ec60 elementor-section-boxed elementor-section-height-default elementor-section-height-default\" data-id=\"189ec60\" data-element_type=\"section\">\n\t\t\t\t\t\t<div class=\"elementor-container elementor-column-gap-default\">\n\t\t\t\t\t\t<\/div>\n\t\t<\/section>\n\t\t\t\t<section class=\"elementor-section elementor-top-section elementor-element elementor-element-2d5d367 elementor-section-boxed elementor-section-height-default elementor-section-height-default\" data-id=\"2d5d367\" data-element_type=\"section\">\n\t\t\t\t\t\t<div class=\"elementor-container elementor-column-gap-default\">\n\t\t\t\t\t<div class=\"elementor-column elementor-col-33 elementor-top-column elementor-element elementor-element-4a39d89\" data-id=\"4a39d89\" data-element_type=\"column\">\n\t\t\t<div class=\"elementor-widget-wrap elementor-element-populated\">\n\t\t\t\t\t\t<div class=\"elementor-element elementor-element-308bec6 elementor-invisible elementor-widget elementor-widget-image\" data-id=\"308bec6\" data-element_type=\"widget\" data-settings=\"{&quot;_animation&quot;:&quot;fadeIn&quot;}\" data-widget_type=\"image.default\">\n\t\t\t\t<div class=\"elementor-widget-container\">\n\t\t\t\t\t\t\t\t\t\t\t\t\t\t\t\t<a href=\"http:\/\/dounia-decor.com\/wp-content\/uploads\/2021\/01\/ecoinconcarre2.jpg\" data-elementor-open-lightbox=\"yes\" data-elementor-lightbox-title=\"\u00c9coin\u00e7on Louis XVI - Peinture \u00e0 l&#039;huile\" data-e-action-hash=\"#elementor-action%3Aaction%3Dlightbox%26settings%3DeyJpZCI6NzQyLCJ1cmwiOiJodHRwczpcL1wvZG91bmlhLWRlY29yLmNvbVwvd3AtY29udGVudFwvdXBsb2Fkc1wvMjAyMVwvMDFcL2Vjb2luY29uY2FycmUyLmpwZyJ9\" data-rel=\"lightbox-gallery-TjLqmNil\" data-rl_title=\"\" data-rl_caption=\"\" title=\"\">\n\t\t\t\t\t\t\t<img decoding=\"async\" width=\"1024\" height=\"1024\" src=\"https:\/\/dounia-decor.com\/wp-content\/uploads\/2021\/01\/ecoinconcarre2-1024x1024.jpg\" class=\"attachment-large size-large wp-image-742\" alt=\"\u00c9coin\u00e7on Louis XVI peinture \u00e0 l&#039;huile\" srcset=\"https:\/\/dounia-decor.com\/wp-content\/uploads\/2021\/01\/ecoinconcarre2-1024x1024.jpg 1024w, https:\/\/dounia-decor.com\/wp-content\/uploads\/2021\/01\/ecoinconcarre2-300x300.jpg 300w, https:\/\/dounia-decor.com\/wp-content\/uploads\/2021\/01\/ecoinconcarre2-150x150.jpg 150w, https:\/\/dounia-decor.com\/wp-content\/uploads\/2021\/01\/ecoinconcarre2-768x768.jpg 768w, https:\/\/dounia-decor.com\/wp-content\/uploads\/2021\/01\/ecoinconcarre2-425x425.jpg 425w, https:\/\/dounia-decor.com\/wp-content\/uploads\/2021\/01\/ecoinconcarre2.jpg 1240w\" sizes=\"(max-width: 1024px) 100vw, 1024px\" \/>\t\t\t\t\t\t\t\t<\/a>\n\t\t\t\t\t\t\t\t\t\t\t\t\t\t\t<\/div>\n\t\t\t\t<\/div>\n\t\t\t\t\t<\/div>\n\t\t<\/div>\n\t\t\t\t<div class=\"elementor-column elementor-col-33 elementor-top-column elementor-element elementor-element-5c76524\" data-id=\"5c76524\" data-element_type=\"column\">\n\t\t\t<div class=\"elementor-widget-wrap elementor-element-populated\">\n\t\t\t\t\t\t<div class=\"elementor-element elementor-element-3af74bc elementor-invisible elementor-widget elementor-widget-image\" data-id=\"3af74bc\" data-element_type=\"widget\" data-settings=\"{&quot;_animation&quot;:&quot;fadeIn&quot;}\" data-widget_type=\"image.default\">\n\t\t\t\t<div class=\"elementor-widget-container\">\n\t\t\t\t\t\t\t\t\t\t\t\t\t\t\t\t<a href=\"http:\/\/dounia-decor.com\/wp-content\/uploads\/2020\/10\/PRESTATION6POMPEI.jpg\" data-elementor-open-lightbox=\"yes\" data-elementor-lightbox-title=\"D\u00e9cor Pomp\u00e9ien - Technique mixte\" data-e-action-hash=\"#elementor-action%3Aaction%3Dlightbox%26settings%3DeyJpZCI6MTk5LCJ1cmwiOiJodHRwczpcL1wvZG91bmlhLWRlY29yLmNvbVwvd3AtY29udGVudFwvdXBsb2Fkc1wvMjAyMFwvMTBcL1BSRVNUQVRJT042UE9NUEVJLmpwZyJ9\" data-rel=\"lightbox-gallery-TjLqmNil\" data-rl_title=\"\" data-rl_caption=\"\" title=\"\">\n\t\t\t\t\t\t\t<img decoding=\"async\" width=\"1024\" height=\"1024\" src=\"https:\/\/dounia-decor.com\/wp-content\/uploads\/2020\/10\/PRESTATION6POMPEI-1024x1024.jpg\" class=\"attachment-large size-large wp-image-199\" alt=\"d\u00e9cor pomp\u00e9ien technique mixte\" srcset=\"https:\/\/dounia-decor.com\/wp-content\/uploads\/2020\/10\/PRESTATION6POMPEI-1024x1024.jpg 1024w, https:\/\/dounia-decor.com\/wp-content\/uploads\/2020\/10\/PRESTATION6POMPEI-300x300.jpg 300w, https:\/\/dounia-decor.com\/wp-content\/uploads\/2020\/10\/PRESTATION6POMPEI-150x150.jpg 150w, https:\/\/dounia-decor.com\/wp-content\/uploads\/2020\/10\/PRESTATION6POMPEI-768x768.jpg 768w, https:\/\/dounia-decor.com\/wp-content\/uploads\/2020\/10\/PRESTATION6POMPEI-1536x1536.jpg 1536w, https:\/\/dounia-decor.com\/wp-content\/uploads\/2020\/10\/PRESTATION6POMPEI-2048x2048.jpg 2048w, https:\/\/dounia-decor.com\/wp-content\/uploads\/2020\/10\/PRESTATION6POMPEI-425x425.jpg 425w\" sizes=\"(max-width: 1024px) 100vw, 1024px\" \/>\t\t\t\t\t\t\t\t<\/a>\n\t\t\t\t\t\t\t\t\t\t\t\t\t\t\t<\/div>\n\t\t\t\t<\/div>\n\t\t\t\t\t<\/div>\n\t\t<\/div>\n\t\t\t\t<div class=\"elementor-column elementor-col-33 elementor-top-column elementor-element elementor-element-60ed0e4\" data-id=\"60ed0e4\" data-element_type=\"column\">\n\t\t\t<div class=\"elementor-widget-wrap elementor-element-populated\">\n\t\t\t\t\t\t<div class=\"elementor-element elementor-element-5e458ff elementor-invisible elementor-widget elementor-widget-image\" data-id=\"5e458ff\" data-element_type=\"widget\" data-settings=\"{&quot;_animation&quot;:&quot;fadeIn&quot;}\" data-widget_type=\"image.default\">\n\t\t\t\t<div class=\"elementor-widget-container\">\n\t\t\t\t\t\t\t\t\t\t\t\t\t\t\t\t<a href=\"http:\/\/dounia-decor.com\/wp-content\/uploads\/2021\/01\/dorurecarre.jpg\" data-elementor-open-lightbox=\"yes\" data-elementor-lightbox-title=\"Dorure \u00e0 la D\u00e9trempe\" data-e-action-hash=\"#elementor-action%3Aaction%3Dlightbox%26settings%3DeyJpZCI6NzQxLCJ1cmwiOiJodHRwczpcL1wvZG91bmlhLWRlY29yLmNvbVwvd3AtY29udGVudFwvdXBsb2Fkc1wvMjAyMVwvMDFcL2RvcnVyZWNhcnJlLmpwZyJ9\" data-rel=\"lightbox-gallery-TjLqmNil\" data-rl_title=\"\" data-rl_caption=\"\" title=\"\">\n\t\t\t\t\t\t\t<img loading=\"lazy\" decoding=\"async\" width=\"1024\" height=\"1024\" src=\"https:\/\/dounia-decor.com\/wp-content\/uploads\/2021\/01\/dorurecarre-1024x1024.jpg\" class=\"attachment-large size-large wp-image-741\" alt=\"Dorure \u00e0 la D\u00e9trempe\" srcset=\"https:\/\/dounia-decor.com\/wp-content\/uploads\/2021\/01\/dorurecarre-1024x1024.jpg 1024w, https:\/\/dounia-decor.com\/wp-content\/uploads\/2021\/01\/dorurecarre-300x300.jpg 300w, https:\/\/dounia-decor.com\/wp-content\/uploads\/2021\/01\/dorurecarre-150x150.jpg 150w, https:\/\/dounia-decor.com\/wp-content\/uploads\/2021\/01\/dorurecarre-768x768.jpg 768w, https:\/\/dounia-decor.com\/wp-content\/uploads\/2021\/01\/dorurecarre-425x425.jpg 425w, https:\/\/dounia-decor.com\/wp-content\/uploads\/2021\/01\/dorurecarre.jpg 1240w\" sizes=\"(max-width: 1024px) 100vw, 1024px\" \/>\t\t\t\t\t\t\t\t<\/a>\n\t\t\t\t\t\t\t\t\t\t\t\t\t\t\t<\/div>\n\t\t\t\t<\/div>\n\t\t\t\t\t<\/div>\n\t\t<\/div>\n\t\t\t\t\t<\/div>\n\t\t<\/section>\n\t\t\t\t<\/div>\n\t\t","protected":false},"excerpt":{"rendered":"<p>Techniques AnciennesD\u00e9cors d&rsquo;Epoque Je propose des d\u00e9cors peints \u00e0 la mani\u00e8re des anciens,avec diverses techniques : D\u00e9trempe, huile, colle de peau, fresque \u00e0 la chaux&#8230; Pour des descriptions de chantiers d\u00e9taill\u00e9es, rendez-vous dans \u00ab\u00a0R\u00e9alisations\u00a0\u00bb<a class=\"more-link\" href=\"https:\/\/dounia-decor.com\/?page_id=658\">Read More &rarr;<\/a><\/p>\n","protected":false},"author":1,"featured_media":0,"parent":0,"menu_order":0,"comment_status":"closed","ping_status":"closed","template":"","meta":{"footnotes":""},"class_list":["entry","author-admin","post-658","page","type-page","status-publish"],"_links":{"self":[{"href":"https:\/\/dounia-decor.com\/index.php?rest_route=\/wp\/v2\/pages\/658","targetHints":{"allow":["GET"]}}],"collection":[{"href":"https:\/\/dounia-decor.com\/index.php?rest_route=\/wp\/v2\/pages"}],"about":[{"href":"https:\/\/dounia-decor.com\/index.php?rest_route=\/wp\/v2\/types\/page"}],"author":[{"embeddable":true,"href":"https:\/\/dounia-decor.com\/index.php?rest_route=\/wp\/v2\/users\/1"}],"replies":[{"embeddable":true,"href":"https:\/\/dounia-decor.com\/index.php?rest_route=%2Fwp%2Fv2%2Fcomments&post=658"}],"version-history":[{"count":6,"href":"https:\/\/dounia-decor.com\/index.php?rest_route=\/wp\/v2\/pages\/658\/revisions"}],"predecessor-version":[{"id":3100,"href":"https:\/\/dounia-decor.com\/index.php?rest_route=\/wp\/v2\/pages\/658\/revisions\/3100"}],"wp:attachment":[{"href":"https:\/\/dounia-decor.com\/index.php?rest_route=%2Fwp%2Fv2%2Fmedia&parent=658"}],"curies":[{"name":"wp","href":"https:\/\/api.w.org\/{rel}","templated":true}]}}