{"id":660,"date":"2021-01-26T19:23:41","date_gmt":"2021-01-26T18:23:41","guid":{"rendered":"http:\/\/dounia.yo1f.ovh\/wordpress\/?page_id=660"},"modified":"2023-12-14T13:39:34","modified_gmt":"2023-12-14T12:39:34","slug":"creation-daccessoires-et-decors-en-volume-2","status":"publish","type":"page","link":"https:\/\/dounia-decor.com\/?page_id=660","title":{"rendered":"Accessoires et D\u00e9cors en volume"},"content":{"rendered":"\t\t<div data-elementor-type=\"wp-page\" data-elementor-id=\"660\" class=\"elementor elementor-660\">\n\t\t\t\t\t\t<section class=\"elementor-section elementor-top-section elementor-element elementor-element-90758bb elementor-section-boxed elementor-section-height-default elementor-section-height-default\" data-id=\"90758bb\" data-element_type=\"section\">\n\t\t\t\t\t\t<div class=\"elementor-container elementor-column-gap-default\">\n\t\t\t\t\t<div class=\"elementor-column elementor-col-50 elementor-top-column elementor-element elementor-element-bc08406\" data-id=\"bc08406\" data-element_type=\"column\">\n\t\t\t<div class=\"elementor-widget-wrap elementor-element-populated\">\n\t\t\t\t\t\t<div class=\"elementor-element elementor-element-c2d626b elementor-vertical-align-top elementor-invisible elementor-widget elementor-widget-image-box\" data-id=\"c2d626b\" data-element_type=\"widget\" data-settings=\"{&quot;_animation&quot;:&quot;fadeIn&quot;}\" data-widget_type=\"image-box.default\">\n\t\t\t\t<div class=\"elementor-widget-container\">\n\t\t\t\t\t<div class=\"elementor-image-box-wrapper\"><div class=\"elementor-image-box-content\"><h3 class=\"elementor-image-box-title\">Accesoires<br>D\u00e9cors en Volume<\/h3><p class=\"elementor-image-box-description\"><br>\u00c9l\u00e9ments mus\u00e9ographiques<br>Escape - game <br>Festivals<br><br>Modification d'espaces pour parcours ludiques ou interactifs <br><br><br>\nPour des descriptions de chantiers d\u00e9taill\u00e9es, rendez-vous dans  <a href=\"https:\/\/dounia-decor.com\/?page_id=133\">  \"R\u00e9alisations\" <\/a><\/p><\/div><\/div>\t\t\t\t<\/div>\n\t\t\t\t<\/div>\n\t\t\t\t\t<\/div>\n\t\t<\/div>\n\t\t\t\t<div class=\"elementor-column elementor-col-50 elementor-top-column elementor-element elementor-element-d4d19b0\" data-id=\"d4d19b0\" data-element_type=\"column\">\n\t\t\t<div class=\"elementor-widget-wrap elementor-element-populated\">\n\t\t\t\t\t\t<div class=\"elementor-element elementor-element-eff5cac elementor-invisible elementor-widget elementor-widget-image\" data-id=\"eff5cac\" data-element_type=\"widget\" data-settings=\"{&quot;_animation&quot;:&quot;fadeIn&quot;}\" data-widget_type=\"image.default\">\n\t\t\t\t<div class=\"elementor-widget-container\">\n\t\t\t\t\t\t\t\t\t\t\t\t\t\t\t\t<a href=\"http:\/\/dounia-decor.com\/wp-content\/uploads\/2021\/01\/entcarre.jpg\" data-elementor-open-lightbox=\"yes\" data-elementor-lightbox-title=\"Sculpture d&#039;Ent\" data-e-action-hash=\"#elementor-action%3Aaction%3Dlightbox%26settings%3DeyJpZCI6NzU0LCJ1cmwiOiJodHRwczpcL1wvZG91bmlhLWRlY29yLmNvbVwvd3AtY29udGVudFwvdXBsb2Fkc1wvMjAyMVwvMDFcL2VudGNhcnJlLmpwZyJ9\" data-rel=\"lightbox-gallery-5ppkrH1W\" data-rl_title=\"\" data-rl_caption=\"\" title=\"\">\n\t\t\t\t\t\t\t<img fetchpriority=\"high\" decoding=\"async\" width=\"1024\" height=\"1024\" src=\"https:\/\/dounia-decor.com\/wp-content\/uploads\/2021\/01\/entcarre-1024x1024.jpg\" class=\"attachment-large size-large wp-image-754\" alt=\"Sculpture d&#039;Ent papier m\u00e2ch\u00e9\" srcset=\"https:\/\/dounia-decor.com\/wp-content\/uploads\/2021\/01\/entcarre-1024x1024.jpg 1024w, https:\/\/dounia-decor.com\/wp-content\/uploads\/2021\/01\/entcarre-300x300.jpg 300w, https:\/\/dounia-decor.com\/wp-content\/uploads\/2021\/01\/entcarre-150x150.jpg 150w, https:\/\/dounia-decor.com\/wp-content\/uploads\/2021\/01\/entcarre-768x768.jpg 768w, https:\/\/dounia-decor.com\/wp-content\/uploads\/2021\/01\/entcarre-425x425.jpg 425w, https:\/\/dounia-decor.com\/wp-content\/uploads\/2021\/01\/entcarre-600x600.jpg 600w, https:\/\/dounia-decor.com\/wp-content\/uploads\/2021\/01\/entcarre.jpg 1240w\" sizes=\"(max-width: 1024px) 100vw, 1024px\" \/>\t\t\t\t\t\t\t\t<\/a>\n\t\t\t\t\t\t\t\t\t\t\t\t\t\t\t<\/div>\n\t\t\t\t<\/div>\n\t\t\t\t\t<\/div>\n\t\t<\/div>\n\t\t\t\t\t<\/div>\n\t\t<\/section>\n\t\t\t\t<section class=\"elementor-section elementor-top-section elementor-element elementor-element-8eace13 elementor-section-boxed elementor-section-height-default elementor-section-height-default\" data-id=\"8eace13\" data-element_type=\"section\">\n\t\t\t\t\t\t<div class=\"elementor-container elementor-column-gap-default\">\n\t\t\t\t\t\t<\/div>\n\t\t<\/section>\n\t\t\t\t<section class=\"elementor-section elementor-top-section elementor-element elementor-element-bdc6c4f elementor-section-boxed elementor-section-height-default elementor-section-height-default\" data-id=\"bdc6c4f\" data-element_type=\"section\">\n\t\t\t\t\t\t<div class=\"elementor-container elementor-column-gap-default\">\n\t\t\t\t\t<div class=\"elementor-column elementor-col-33 elementor-top-column elementor-element elementor-element-b9aa192\" data-id=\"b9aa192\" data-element_type=\"column\">\n\t\t\t<div class=\"elementor-widget-wrap elementor-element-populated\">\n\t\t\t\t\t\t<div class=\"elementor-element elementor-element-d032404 elementor-invisible elementor-widget elementor-widget-image\" data-id=\"d032404\" data-element_type=\"widget\" data-settings=\"{&quot;_animation&quot;:&quot;fadeIn&quot;}\" data-widget_type=\"image.default\">\n\t\t\t\t<div class=\"elementor-widget-container\">\n\t\t\t\t\t\t\t\t\t\t\t\t\t\t\t\t<a href=\"http:\/\/dounia-decor.com\/wp-content\/uploads\/2021\/01\/grottecarre.jpg\" data-elementor-open-lightbox=\"yes\" data-elementor-lightbox-title=\"Grotte aux diamants - Escape game\" data-e-action-hash=\"#elementor-action%3Aaction%3Dlightbox%26settings%3DeyJpZCI6NzU1LCJ1cmwiOiJodHRwczpcL1wvZG91bmlhLWRlY29yLmNvbVwvd3AtY29udGVudFwvdXBsb2Fkc1wvMjAyMVwvMDFcL2dyb3R0ZWNhcnJlLmpwZyJ9\" data-rel=\"lightbox-gallery-5ppkrH1W\" data-rl_title=\"\" data-rl_caption=\"\" title=\"\">\n\t\t\t\t\t\t\t<img decoding=\"async\" width=\"1024\" height=\"1024\" src=\"https:\/\/dounia-decor.com\/wp-content\/uploads\/2021\/01\/grottecarre-1024x1024.jpg\" class=\"attachment-large size-large wp-image-755\" alt=\"Grotte aux diamants - Escape game\" srcset=\"https:\/\/dounia-decor.com\/wp-content\/uploads\/2021\/01\/grottecarre-1024x1024.jpg 1024w, https:\/\/dounia-decor.com\/wp-content\/uploads\/2021\/01\/grottecarre-300x300.jpg 300w, https:\/\/dounia-decor.com\/wp-content\/uploads\/2021\/01\/grottecarre-150x150.jpg 150w, https:\/\/dounia-decor.com\/wp-content\/uploads\/2021\/01\/grottecarre-768x768.jpg 768w, https:\/\/dounia-decor.com\/wp-content\/uploads\/2021\/01\/grottecarre-425x425.jpg 425w, https:\/\/dounia-decor.com\/wp-content\/uploads\/2021\/01\/grottecarre.jpg 1240w\" sizes=\"(max-width: 1024px) 100vw, 1024px\" \/>\t\t\t\t\t\t\t\t<\/a>\n\t\t\t\t\t\t\t\t\t\t\t\t\t\t\t<\/div>\n\t\t\t\t<\/div>\n\t\t\t\t\t<\/div>\n\t\t<\/div>\n\t\t\t\t<div class=\"elementor-column elementor-col-33 elementor-top-column elementor-element elementor-element-8708888\" data-id=\"8708888\" data-element_type=\"column\">\n\t\t\t<div class=\"elementor-widget-wrap elementor-element-populated\">\n\t\t\t\t\t\t<div class=\"elementor-element elementor-element-2e18889 elementor-invisible elementor-widget elementor-widget-image\" data-id=\"2e18889\" data-element_type=\"widget\" data-settings=\"{&quot;_animation&quot;:&quot;fadeIn&quot;}\" data-widget_type=\"image.default\">\n\t\t\t\t<div class=\"elementor-widget-container\">\n\t\t\t\t\t\t\t\t\t\t\t\t\t\t\t\t<a href=\"http:\/\/dounia-decor.com\/wp-content\/uploads\/2020\/10\/prestations-museo.jpg\" data-elementor-open-lightbox=\"yes\" data-elementor-lightbox-title=\"Installation Mus\u00e9ographique\" data-e-action-hash=\"#elementor-action%3Aaction%3Dlightbox%26settings%3DeyJpZCI6MTg4LCJ1cmwiOiJodHRwczpcL1wvZG91bmlhLWRlY29yLmNvbVwvd3AtY29udGVudFwvdXBsb2Fkc1wvMjAyMFwvMTBcL3ByZXN0YXRpb25zLW11c2VvLmpwZyJ9\" data-rel=\"lightbox-gallery-5ppkrH1W\" data-rl_title=\"\" data-rl_caption=\"\" title=\"\">\n\t\t\t\t\t\t\t<img decoding=\"async\" width=\"1024\" height=\"1024\" src=\"https:\/\/dounia-decor.com\/wp-content\/uploads\/2020\/10\/prestations-museo-1024x1024.jpg\" class=\"attachment-large size-large wp-image-188\" alt=\"Installation Mus\u00e9ographique\" srcset=\"https:\/\/dounia-decor.com\/wp-content\/uploads\/2020\/10\/prestations-museo-1024x1024.jpg 1024w, https:\/\/dounia-decor.com\/wp-content\/uploads\/2020\/10\/prestations-museo-300x300.jpg 300w, https:\/\/dounia-decor.com\/wp-content\/uploads\/2020\/10\/prestations-museo-150x150.jpg 150w, https:\/\/dounia-decor.com\/wp-content\/uploads\/2020\/10\/prestations-museo-768x768.jpg 768w, https:\/\/dounia-decor.com\/wp-content\/uploads\/2020\/10\/prestations-museo-1536x1536.jpg 1536w, https:\/\/dounia-decor.com\/wp-content\/uploads\/2020\/10\/prestations-museo-2048x2048.jpg 2048w, https:\/\/dounia-decor.com\/wp-content\/uploads\/2020\/10\/prestations-museo-425x425.jpg 425w\" sizes=\"(max-width: 1024px) 100vw, 1024px\" \/>\t\t\t\t\t\t\t\t<\/a>\n\t\t\t\t\t\t\t\t\t\t\t\t\t\t\t<\/div>\n\t\t\t\t<\/div>\n\t\t\t\t\t<\/div>\n\t\t<\/div>\n\t\t\t\t<div class=\"elementor-column elementor-col-33 elementor-top-column elementor-element elementor-element-2372690\" data-id=\"2372690\" data-element_type=\"column\">\n\t\t\t<div class=\"elementor-widget-wrap elementor-element-populated\">\n\t\t\t\t\t\t<div class=\"elementor-element elementor-element-40e7260 elementor-invisible elementor-widget elementor-widget-image\" data-id=\"40e7260\" data-element_type=\"widget\" data-settings=\"{&quot;_animation&quot;:&quot;fadeIn&quot;}\" data-widget_type=\"image.default\">\n\t\t\t\t<div class=\"elementor-widget-container\">\n\t\t\t\t\t\t\t\t\t\t\t\t\t\t\t\t<a href=\"http:\/\/dounia-decor.com\/wp-content\/uploads\/2021\/01\/museecarre.jpg\" data-elementor-open-lightbox=\"yes\" data-elementor-lightbox-title=\"Installation Mus\u00e9ographique\" data-e-action-hash=\"#elementor-action%3Aaction%3Dlightbox%26settings%3DeyJpZCI6NzU2LCJ1cmwiOiJodHRwczpcL1wvZG91bmlhLWRlY29yLmNvbVwvd3AtY29udGVudFwvdXBsb2Fkc1wvMjAyMVwvMDFcL211c2VlY2FycmUuanBnIn0%3D\" data-rel=\"lightbox-gallery-5ppkrH1W\" data-rl_title=\"\" data-rl_caption=\"\" title=\"\">\n\t\t\t\t\t\t\t<img loading=\"lazy\" decoding=\"async\" width=\"1024\" height=\"1024\" src=\"https:\/\/dounia-decor.com\/wp-content\/uploads\/2021\/01\/museecarre-1024x1024.jpg\" class=\"attachment-large size-large wp-image-756\" alt=\"Installation Mus\u00e9ographique\" srcset=\"https:\/\/dounia-decor.com\/wp-content\/uploads\/2021\/01\/museecarre-1024x1024.jpg 1024w, https:\/\/dounia-decor.com\/wp-content\/uploads\/2021\/01\/museecarre-300x300.jpg 300w, https:\/\/dounia-decor.com\/wp-content\/uploads\/2021\/01\/museecarre-150x150.jpg 150w, https:\/\/dounia-decor.com\/wp-content\/uploads\/2021\/01\/museecarre-768x768.jpg 768w, https:\/\/dounia-decor.com\/wp-content\/uploads\/2021\/01\/museecarre-425x425.jpg 425w, https:\/\/dounia-decor.com\/wp-content\/uploads\/2021\/01\/museecarre.jpg 1240w\" sizes=\"(max-width: 1024px) 100vw, 1024px\" \/>\t\t\t\t\t\t\t\t<\/a>\n\t\t\t\t\t\t\t\t\t\t\t\t\t\t\t<\/div>\n\t\t\t\t<\/div>\n\t\t\t\t\t<\/div>\n\t\t<\/div>\n\t\t\t\t\t<\/div>\n\t\t<\/section>\n\t\t\t\t<\/div>\n\t\t","protected":false},"excerpt":{"rendered":"<p>AccesoiresD\u00e9cors en Volume \u00c9l\u00e9ments mus\u00e9ographiquesEscape &#8211; game Festivals Modification d&rsquo;espaces pour parcours ludiques ou interactifs Pour des descriptions de chantiers d\u00e9taill\u00e9es, rendez-vous dans \u00ab\u00a0R\u00e9alisations\u00a0\u00bb<a class=\"more-link\" href=\"https:\/\/dounia-decor.com\/?page_id=660\">Read More &rarr;<\/a><\/p>\n","protected":false},"author":1,"featured_media":0,"parent":0,"menu_order":0,"comment_status":"closed","ping_status":"closed","template":"","meta":{"footnotes":""},"class_list":["entry","author-admin","post-660","page","type-page","status-publish"],"_links":{"self":[{"href":"https:\/\/dounia-decor.com\/index.php?rest_route=\/wp\/v2\/pages\/660","targetHints":{"allow":["GET"]}}],"collection":[{"href":"https:\/\/dounia-decor.com\/index.php?rest_route=\/wp\/v2\/pages"}],"about":[{"href":"https:\/\/dounia-decor.com\/index.php?rest_route=\/wp\/v2\/types\/page"}],"author":[{"embeddable":true,"href":"https:\/\/dounia-decor.com\/index.php?rest_route=\/wp\/v2\/users\/1"}],"replies":[{"embeddable":true,"href":"https:\/\/dounia-decor.com\/index.php?rest_route=%2Fwp%2Fv2%2Fcomments&post=660"}],"version-history":[{"count":3,"href":"https:\/\/dounia-decor.com\/index.php?rest_route=\/wp\/v2\/pages\/660\/revisions"}],"predecessor-version":[{"id":2829,"href":"https:\/\/dounia-decor.com\/index.php?rest_route=\/wp\/v2\/pages\/660\/revisions\/2829"}],"wp:attachment":[{"href":"https:\/\/dounia-decor.com\/index.php?rest_route=%2Fwp%2Fv2%2Fmedia&parent=660"}],"curies":[{"name":"wp","href":"https:\/\/api.w.org\/{rel}","templated":true}]}}